{"id":636,"date":"2019-02-04T17:19:58","date_gmt":"2019-02-04T16:19:58","guid":{"rendered":"http:\/\/www.polgracehotel.es\/el-barrio\/"},"modified":"2019-05-23T12:05:27","modified_gmt":"2019-05-23T10:05:27","slug":"el-barrio","status":"publish","type":"page","link":"https:\/\/www.polgracehotel.es\/en\/el-barrio\/","title":{"rendered":"The Neighbourhood"},"content":{"rendered":"<p>ESTAMOS SITUADOS EN EL TRANQUILO BARRIO DE SARRI\u00c0-SANT GERVASI, UBICADO EN LA ZONA ALTA DE BARCELONA, Y CERCA DEL CENTRO. LO CONSIDERAMOS UNA POSICI\u00d3N ESTRAT\u00c9GICA, Y POR ALGO ES EL BARRIO QUE HAN ESCOGIDO LA MAYOR\u00cdA DE LOCALES RESIDENTES EN BARCELONA, ES EL BARRIO CON M\u00c1S CANTIDAD DE GENTE NACIDA EN LA CIUDAD.<\/p>\n<p>SIENDO UNA ZONA TRANQUILA Y SEGURA, ESTAMOS CERCA DE ALGUNAS DE LAS CALLES M\u00c1S IMPORTANTES, COMO LA VIA AUGUSTA, A 50M DE LA PUERTA, LA DIAGONAL, A 5 MINUTOS ANDANDO, PASEO DE GRACIA Y SUS JOYAS ARQUITECT\u00d3NICAS, A MENOS DE 10 MINUTOS, Y POR SI QUEREMOS IR M\u00c1S LEJOS, SIEMPRE PODEMOS COGER EL METRO, QUE EST\u00c1 AL LADO DE NUESTRA CASA, Y PLANTARNOS DONDE QUERAMOS EN UN ABRIR Y CERRAR DE OJOS.<\/p>\n<p>TAMBI\u00c9N TENEMOS CENTROS C\u00cdVICOS CERCA, PARQUES, BIBLIOTECAS, GALER\u00cdAS DE ARTE, UN MONT\u00d3N DE RESTAURANTES, UNA PLAZA A SOLO ALGUNOS PASOS, TIENDAS DE TODO TIPO Y MUCHA VIDA DE BARRIO, AS\u00cd QUE AL SALIR DE CASA, NUNCA FALTA QU\u00c9 HACER.<\/p>\n<p>NOS GUSTA CONSIDERAR QUE, DESPU\u00c9S DE LO QUE COST\u00d3 ENCONTRAR EL LUGAR IDEAL PARA CIMENTAR NUESTRA AVENTURA, HEMOS CONSEGUIDO UNA SITUACI\u00d3N PRIVILEGIADA Y MARAVILLOSA.<\/p>\n<p>ALGUNOS DE LOS SITIOS DE INTER\u00c9S DE LA ZONA Y UN POQUITO M\u00c1S ALL\u00c1:<\/p>\n","protected":false},"excerpt":{"rendered":"<p>ESTAMOS SITUADOS EN EL TRANQUILO BARRIO DE SARRI\u00c0-SANT GERVASI, UBICADO EN LA ZONA ALTA DE BARCELONA, Y CERCA DEL CENTRO. LO CONSIDERAMOS UNA POSICI\u00d3N ESTRAT\u00c9GICA, Y POR ALGO ES EL BARRIO QUE HAN ESCOGIDO LA MAYOR\u00cdA DE LOCALES RESIDENTES EN BARCELONA, ES EL BARRIO CON M\u00c1S CANTIDAD DE GENTE NACIDA EN LA CIUDAD. SIENDO UNA [&hellip;]<\/p>\n","protected":false},"author":1,"featured_media":0,"parent":0,"menu_order":0,"comment_status":"closed","ping_status":"closed","template":"templates\/neighbourhood.php","meta":{"_acf_changed":false,"footnotes":""},"class_list":["post-636","page","type-page","status-publish","hentry"],"acf":[],"yoast_head":"<!-- This site is optimized with the Yoast SEO plugin v24.7 - https:\/\/yoast.com\/wordpress\/plugins\/seo\/ -->\r\n<title>The Neighbourhood - Pol &amp; Grace Hotel<\/title>\r\n<meta name=\"robots\" content=\"index, follow, max-snippet:-1, max-image-preview:large, max-video-preview:-1\" \/>\r\n<link rel=\"canonical\" href=\"https:\/\/www.polgracehotel.es\/el-barrio\/\" \/>\r\n<meta property=\"og:locale\" content=\"en_US\" \/>\r\n<meta property=\"og:type\" content=\"article\" \/>\r\n<meta property=\"og:title\" content=\"The Neighbourhood - Pol &amp; Grace Hotel\" \/>\r\n<meta property=\"og:description\" content=\"ESTAMOS SITUADOS EN EL TRANQUILO BARRIO DE SARRI\u00c0-SANT GERVASI, UBICADO EN LA ZONA ALTA DE BARCELONA, Y CERCA DEL CENTRO. LO CONSIDERAMOS UNA POSICI\u00d3N ESTRAT\u00c9GICA, Y POR ALGO ES EL BARRIO QUE HAN ESCOGIDO LA MAYOR\u00cdA DE LOCALES RESIDENTES EN BARCELONA, ES EL BARRIO CON M\u00c1S CANTIDAD DE GENTE NACIDA EN LA CIUDAD. SIENDO UNA [&hellip;]\" \/>\r\n<meta property=\"og:url\" content=\"https:\/\/www.polgracehotel.es\/el-barrio\/\" \/>\r\n<meta property=\"og:site_name\" content=\"Pol &amp; Grace Hotel\" \/>\r\n<meta property=\"article:modified_time\" content=\"2019-05-23T10:05:27+00:00\" \/>\r\n<meta name=\"twitter:card\" content=\"summary_large_image\" \/>\r\n<meta name=\"twitter:label1\" content=\"Est. reading time\" \/>\n\t<meta name=\"twitter:data1\" content=\"1 minute\" \/>\r\n<script type=\"application\/ld+json\" class=\"yoast-schema-graph\">{\"@context\":\"https:\/\/schema.org\",\"@graph\":[{\"@type\":\"WebPage\",\"@id\":\"https:\/\/www.polgracehotel.es\/el-barrio\/\",\"url\":\"https:\/\/www.polgracehotel.es\/el-barrio\/\",\"name\":\"The Neighbourhood - Pol &amp; Grace Hotel\",\"isPartOf\":{\"@id\":\"https:\/\/www.polgracehotel.es\/#website\"},\"datePublished\":\"2019-02-04T16:19:58+00:00\",\"dateModified\":\"2019-05-23T10:05:27+00:00\",\"breadcrumb\":{\"@id\":\"https:\/\/www.polgracehotel.es\/el-barrio\/#breadcrumb\"},\"inLanguage\":\"en-US\",\"potentialAction\":[{\"@type\":\"ReadAction\",\"target\":[\"https:\/\/www.polgracehotel.es\/el-barrio\/\"]}]},{\"@type\":\"BreadcrumbList\",\"@id\":\"https:\/\/www.polgracehotel.es\/el-barrio\/#breadcrumb\",\"itemListElement\":[{\"@type\":\"ListItem\",\"position\":1,\"name\":\"Home\",\"item\":\"https:\/\/www.polgracehotel.es\/en\/\"},{\"@type\":\"ListItem\",\"position\":2,\"name\":\"The Neighbourhood\"}]},{\"@type\":\"WebSite\",\"@id\":\"https:\/\/www.polgracehotel.es\/#website\",\"url\":\"https:\/\/www.polgracehotel.es\/\",\"name\":\"Pol &amp; Grace Hotel\",\"description\":\"\",\"potentialAction\":[{\"@type\":\"SearchAction\",\"target\":{\"@type\":\"EntryPoint\",\"urlTemplate\":\"https:\/\/www.polgracehotel.es\/?s={search_term_string}\"},\"query-input\":{\"@type\":\"PropertyValueSpecification\",\"valueRequired\":true,\"valueName\":\"search_term_string\"}}],\"inLanguage\":\"en-US\"}]}<\/script>\r\n<!-- \/ Yoast SEO plugin. -->","yoast_head_json":{"title":"The Neighbourhood - Pol &amp; Grace Hotel","robots":{"index":"index","follow":"follow","max-snippet":"max-snippet:-1","max-image-preview":"max-image-preview:large","max-video-preview":"max-video-preview:-1"},"canonical":"https:\/\/www.polgracehotel.es\/el-barrio\/","og_locale":"en_US","og_type":"article","og_title":"The Neighbourhood - Pol &amp; Grace Hotel","og_description":"ESTAMOS SITUADOS EN EL TRANQUILO BARRIO DE SARRI\u00c0-SANT GERVASI, UBICADO EN LA ZONA ALTA DE BARCELONA, Y CERCA DEL CENTRO. LO CONSIDERAMOS UNA POSICI\u00d3N ESTRAT\u00c9GICA, Y POR ALGO ES EL BARRIO QUE HAN ESCOGIDO LA MAYOR\u00cdA DE LOCALES RESIDENTES EN BARCELONA, ES EL BARRIO CON M\u00c1S CANTIDAD DE GENTE NACIDA EN LA CIUDAD. SIENDO UNA [&hellip;]","og_url":"https:\/\/www.polgracehotel.es\/el-barrio\/","og_site_name":"Pol &amp; Grace Hotel","article_modified_time":"2019-05-23T10:05:27+00:00","twitter_card":"summary_large_image","twitter_misc":{"Est. reading time":"1 minute"},"schema":{"@context":"https:\/\/schema.org","@graph":[{"@type":"WebPage","@id":"https:\/\/www.polgracehotel.es\/el-barrio\/","url":"https:\/\/www.polgracehotel.es\/el-barrio\/","name":"The Neighbourhood - Pol &amp; Grace Hotel","isPartOf":{"@id":"https:\/\/www.polgracehotel.es\/#website"},"datePublished":"2019-02-04T16:19:58+00:00","dateModified":"2019-05-23T10:05:27+00:00","breadcrumb":{"@id":"https:\/\/www.polgracehotel.es\/el-barrio\/#breadcrumb"},"inLanguage":"en-US","potentialAction":[{"@type":"ReadAction","target":["https:\/\/www.polgracehotel.es\/el-barrio\/"]}]},{"@type":"BreadcrumbList","@id":"https:\/\/www.polgracehotel.es\/el-barrio\/#breadcrumb","itemListElement":[{"@type":"ListItem","position":1,"name":"Home","item":"https:\/\/www.polgracehotel.es\/en\/"},{"@type":"ListItem","position":2,"name":"The Neighbourhood"}]},{"@type":"WebSite","@id":"https:\/\/www.polgracehotel.es\/#website","url":"https:\/\/www.polgracehotel.es\/","name":"Pol &amp; Grace Hotel","description":"","potentialAction":[{"@type":"SearchAction","target":{"@type":"EntryPoint","urlTemplate":"https:\/\/www.polgracehotel.es\/?s={search_term_string}"},"query-input":{"@type":"PropertyValueSpecification","valueRequired":true,"valueName":"search_term_string"}}],"inLanguage":"en-US"}]}},"_links":{"self":[{"href":"https:\/\/www.polgracehotel.es\/en\/wp-json\/wp\/v2\/pages\/636"}],"collection":[{"href":"https:\/\/www.polgracehotel.es\/en\/wp-json\/wp\/v2\/pages"}],"about":[{"href":"https:\/\/www.polgracehotel.es\/en\/wp-json\/wp\/v2\/types\/page"}],"author":[{"embeddable":true,"href":"https:\/\/www.polgracehotel.es\/en\/wp-json\/wp\/v2\/users\/1"}],"replies":[{"embeddable":true,"href":"https:\/\/www.polgracehotel.es\/en\/wp-json\/wp\/v2\/comments?post=636"}],"version-history":[{"count":2,"href":"https:\/\/www.polgracehotel.es\/en\/wp-json\/wp\/v2\/pages\/636\/revisions"}],"predecessor-version":[{"id":638,"href":"https:\/\/www.polgracehotel.es\/en\/wp-json\/wp\/v2\/pages\/636\/revisions\/638"}],"wp:attachment":[{"href":"https:\/\/www.polgracehotel.es\/en\/wp-json\/wp\/v2\/media?parent=636"}],"curies":[{"name":"wp","href":"https:\/\/api.w.org\/{rel}","templated":true}]}}